{"id":1672,"date":"2017-04-06T13:02:48","date_gmt":"2017-04-06T11:02:48","guid":{"rendered":"http:\/\/foreignmove.nl\/?page_id=1672"},"modified":"2018-04-20T15:22:46","modified_gmt":"2018-04-20T13:22:46","slug":"pracownicy","status":"publish","type":"page","link":"https:\/\/foreignflex-fuarg0e7emase0bf.northeurope-01.azurewebsites.net\/pl\/pracownicy\/","title":{"rendered":"Pracownicy"},"content":{"rendered":"<div id=\"pl-1672\"  class=\"panel-layout\" ><div id=\"pg-1672-0\"  class=\"panel-grid panel-no-style\" ><div id=\"pgc-1672-0-0\"  class=\"panel-grid-cell\" ><div id=\"panel-1672-0-0-0\" class=\"so-panel widget widget_sow-image panel-first-child panel-last-child\" data-index=\"0\" ><div\n\t\t\t\n\t\t\tclass=\"so-widget-sow-image so-widget-sow-image-default-8b5b6f678277-1672\"\n\t\t\t\n\t\t>\n<div class=\"sow-image-container\">\n\t\t<img \n\tsrc=\"\/wp-content\/uploads\/Man-Lach-Breed-1.png\" width=\"1200\" height=\"601\" srcset=\"\/wp-content\/uploads\/Man-Lach-Breed-1.png 1200w, \/wp-content\/uploads\/Man-Lach-Breed-1-300x150.png 300w, \/wp-content\/uploads\/Man-Lach-Breed-1-768x385.png 768w, \/wp-content\/uploads\/Man-Lach-Breed-1-1024x513.png 1024w, \/wp-content\/uploads\/Man-Lach-Breed-1-960x480.png 960w\" sizes=\"(max-width: 1200px) 100vw, 1200px\" title=\"Man-Lach-Breed\" alt=\"\" \t\tclass=\"so-widget-image\"\/>\n\t<\/div>\n\n<\/div><\/div><\/div><\/div><div id=\"pg-1672-1\"  class=\"panel-grid panel-no-style\" ><div id=\"pgc-1672-1-0\"  class=\"panel-grid-cell\" ><div id=\"panel-1672-1-0-0\" class=\"so-panel widget widget_sow-editor panel-first-child panel-last-child\" data-index=\"1\" ><div\n\t\t\t\n\t\t\tclass=\"so-widget-sow-editor so-widget-sow-editor-base\"\n\t\t\t\n\t\t>\n<div class=\"siteorigin-widget-tinymce textwidget\">\n\t<h1>Praca w Holandii<\/h1>\n<p><strong>Je\u017celi przyjecha\u0142e\u015b do Holandii w celach zarobkowych, oznacza to przede wszystkim, \u017ce podejmiesz prac\u0119 u zleceniodawcy. Tacy zleceniodawcy pracuj\u0105 w r\u00f3\u017cnorakich bran\u017cach. W zale\u017cno\u015bci od nabytych kwalifikacji i zebranego do\u015bwiadczenia, rozpoczniesz prac\u0119 w jednym z takich sektor\u00f3w. Mo\u017cesz podj\u0105\u0107 prac\u0119 na d\u0142u\u017cszy czas albo jedynie na kr\u00f3tki okres \u2013 zale\u017cy to w zupe\u0142no\u015bci od Twoich osobistych \u017cycze\u0144 i od potrzeb zleceniodawcy.<\/strong><\/p>\n<p>&nbsp;<\/p>\n<h2>Tw\u00f3j kontrakt<\/h2>\n<p>Je\u017celi chodzi o kontrakty, to ForeignFlex pracuje w systemie fazowym <strong><a href=\"https:\/\/www.abu.nl\/\" target=\"_blank\" rel=\"noopener\">ABU<\/a><\/strong>. Poszczeg\u00f3lne fazy umowy zale\u017c\u0105 od okresu czasu przez jaki ju\u017c dla nas pracujesz. Wi\u0119cej informacji? Dowiedz si\u0119 wi\u0119cej o <strong><a href=\"https:\/\/foreignflex-fuarg0e7emase0bf.northeurope-01.azurewebsites.net\/pl\/system-fazowy\">systemie fazowym<\/a><\/strong>.<\/p>\n<p>&nbsp;<\/p>\n<h2>P\u0142aca<\/h2>\n<p>Wysoko\u015b\u0107 p\u0142acy okre\u015bla si\u0119 na podstawie trzech czynnik\u00f3w: rodzaju pracy, kt\u00f3r\u0105 wykonujesz, Twojego wieku oraz Twego do\u015bwiadczenia. Jeste\u015bmy cz\u0142onkiem <strong><a href=\"https:\/\/www.abu.nl\/\">ABU<\/a><\/strong>, czyli Powszechnego Zwi\u0105zku Agencji Pracy Tymczasowej. Tego typu uk\u0142ad zbiorowy pracy - w Holandii nazywany CAO - ju\u017c od samego pocz\u0105tku trwania Twojej umowy stosuje rodzaj p\u0142acy obowi\u0105zuj\u0105cy w sektorze, w kt\u00f3rym pracujesz. Dzi\u0119ki temu pracownicy zatrudnieni w firmie na sta\u0142e oraz Ci zatrudnieni na okres tymczasowy s\u0105 sobie r\u00f3wni pod wzgl\u0119dem p\u0142ac.<\/p>\n<p>Wynagrodzenie przelewane jest na konto bankowe pracownika co tydzie\u0144 w pi\u0105tek. Cz\u0119sto wyp\u0142ata wp\u0142ywa na konto jeszcze tego samego dnia. W niekt\u00f3rych bankach, pieni\u0105dze docieraj\u0105 na konto w poniedzia\u0142ek.<\/p>\n<p>&nbsp;<\/p>\n<h2>Wykszta\u0142cenie<\/h2>\n<p>Tw\u00f3j rozw\u00f3j osobisty jest przez nas bardzo wysoko ceniony. Dlatego te\u017c w razie potrzeby zaoferujemy Ci r\u00f3\u017cnorodne mo\u017cliwo\u015bci kszta\u0142cenia. Ponadto standardowo w ramach procesu prowadzenia naszych pracownik\u00f3w oferujemy im kurs j\u0119zyka niderlandzkiego. W celu zagwarantowania bezpiecze\u0144stwa i jasno\u015bci informacji dbamy r\u00f3wnie\u017c o przet\u0142umaczenie instrukcji istotnych dla wykonywanej przez Ciebie pracy na j\u0119zyk angielski i polski.<\/p>\n<p>&nbsp;<\/p>\n<h2 id=\"begeleidingpools\">Indywidualne prowadzenie pracownika<\/h2>\n<p class=\"font_8\">Ka\u017cdy, kto przybywa do pracy w Holandii, czuje si\u0119 bardziej komfortowo wiedz\u0105c, \u017ce czekaj\u0105 tam ju\u017c na niego osoby, do kt\u00f3rych zawsze mo\u017ce zwr\u00f3ci\u0107 si\u0119 w sprawach, z kt\u00f3rymi b\u0119dzie mia\u0142 tam do czynienia. Osoby te pos\u0142uguj\u0105 si\u0119 jego rodzimym j\u0119zykiem i jednocze\u015bnie rozumiej\u0105 jego sytuacj\u0119 w kraju, kt\u00f3ry dla nowego pracownika z zagranicy wci\u0105\u017c jeszcze nie jest znany. Wraz z zespo\u0142em specjalist\u00f3w troszczymy si\u0119 o towarzyszenie naszym pracownikom na wszystkich p\u0142aszczyznach mieszkania i \u017cycia w Holandii. Jako pracownik zagraniczny mo\u017cesz skontaktowa\u0107 si\u0119 z pracownikami naszego biura, tzw. intercedenten, o ka\u017cdej porze dnia i nocy, 24\/7. Udziel\u0105 Ci oni pomocy przy m.in. wype\u0142nieniu formularzy (podatkowych i innych), pos\u0142u\u017c\u0105 porad\u0105 prawn\u0105 czy zaproponuj\u0105 odbycie szkolenia. Dodatkowo p\u00f3jd\u0105 z Tob\u0105 do lekarza, gdzie spe\u0142ni\u0105 rol\u0119 t\u0142umacza.<\/p>\n<p>&nbsp;<\/p>\n<h2 id=\"huisvestingpools\">Zakwaterowanie<\/h2>\n<p>Wybieraj\u0105c si\u0119 do Holandii wa\u017cne jest, aby m\u00f3c liczy\u0107 na znalezienie odpowiedniego mieszkania. W\u0142a\u015bnie dlatego \u015bci\u015ble wsp\u00f3\u0142pracujemy ze specjalist\u0105 \u2013 nasz\u0105 siostrzan\u0105 ogranizacj\u0105, jak\u0105 jest<strong><a href=\"https:\/\/www.logejo.nl\/\" target=\"_blank\" rel=\"noopener\"> Logejo<\/a><\/strong>. Organizacja ta dysponuje <strong><a href=\"http:\/\/www.normeringflexwonen.nl\/\" target=\"_blank\" rel=\"noopener\">certyfikatem SNF<\/a><\/strong>, a wszystkie jej lokacje spe\u0142niaj\u0105 wyznaczone normy przynajmniej w minimalnym stopniu. I tak na przyk\u0142ad kwatery kr\u00f3tkiego pobytu w <a href=\"http:\/\/www.logejo.nl\/conexxion\" target=\"_blank\" rel=\"noopener\">Boskoop<\/a>, tzw. short-stay, dysponuj\u0105 m.in. samodzielnymi 4-osobowymi kawalerkami z nowoczesnym wyposa\u017ceniem, si\u0142owni\u0105, pomieszczeniem do nauki oraz sto\u0142\u00f3wk\u0105.<\/p>\n<\/div>\n<\/div><\/div><\/div><\/div><div id=\"pg-1672-2\"  class=\"panel-grid panel-no-style\" ><div id=\"pgc-1672-2-0\"  class=\"panel-grid-cell\" ><div id=\"panel-1672-2-0-0\" class=\"so-panel widget widget_sow-slider panel-first-child\" data-index=\"2\" ><div\n\t\t\t\n\t\t\tclass=\"so-widget-sow-slider so-widget-sow-slider-default-e9d9ba5fc51a-1672\"\n\t\t\t\n\t\t>\t\t\t\t<div class=\"sow-slider-base\" style=\"display: none\" tabindex=\"0\">\n\t\t\t\t\t<ul\n\t\t\t\t\tclass=\"sow-slider-images\"\n\t\t\t\t\tdata-settings=\"{&quot;pagination&quot;:true,&quot;speed&quot;:400,&quot;timeout&quot;:2000,&quot;paused&quot;:false,&quot;pause_on_hover&quot;:false,&quot;swipe&quot;:true,&quot;nav_always_show_desktop&quot;:&quot;&quot;,&quot;nav_always_show_mobile&quot;:&quot;&quot;,&quot;breakpoint&quot;:&quot;780px&quot;,&quot;unmute&quot;:false,&quot;anchor&quot;:null}\"\n\t\t\t\t\t\t\t\t\t\tdata-anchor-id=\"\"\n\t\t\t\t>\t\t<li class=\"sow-slider-image\" style=\"visibility: visible;\" >\n\t\t\t\t\t\t<img loading=\"lazy\" decoding=\"async\" width=\"567\" height=\"378\" src=\"\/wp-content\/uploads\/Gebouw-Boskoop.jpg\" class=\"sow-slider-background-image\" alt=\"Gebouw huisvestinglocatie logejo Boskoop\" style=\"\" srcset=\"\/wp-content\/uploads\/Gebouw-Boskoop.jpg 567w, \/wp-content\/uploads\/Gebouw-Boskoop-300x200.jpg 300w, \/wp-content\/uploads\/Gebouw-Boskoop-272x182.jpg 272w\" sizes=\"auto, (max-width: 567px) 100vw, 567px\" \/>\t\t<\/li>\n\t\t\t\t<li class=\"sow-slider-image\" style=\"visibility: hidden;\" >\n\t\t\t\t\t\t<img loading=\"lazy\" decoding=\"async\" width=\"567\" height=\"378\" src=\"\/wp-content\/uploads\/Kamer-Boskoop.jpg\" class=\"sow-slider-background-image\" alt=\"Huiskamer huisvesting Logejo Boskoop\" style=\"\" srcset=\"\/wp-content\/uploads\/Kamer-Boskoop.jpg 567w, \/wp-content\/uploads\/Kamer-Boskoop-300x200.jpg 300w, \/wp-content\/uploads\/Kamer-Boskoop-272x182.jpg 272w\" sizes=\"auto, (max-width: 567px) 100vw, 567px\" \/>\t\t<\/li>\n\t\t\t\t<li class=\"sow-slider-image\" style=\"visibility: hidden;\" >\n\t\t\t\t\t\t<img loading=\"lazy\" decoding=\"async\" width=\"567\" height=\"378\" src=\"\/wp-content\/uploads\/Gevel-Boskoop.jpg\" class=\"sow-slider-background-image\" alt=\"Gevel huisvestinglocatie logejo Boskoop\" style=\"\" srcset=\"\/wp-content\/uploads\/Gevel-Boskoop.jpg 567w, \/wp-content\/uploads\/Gevel-Boskoop-300x200.jpg 300w, \/wp-content\/uploads\/Gevel-Boskoop-272x182.jpg 272w\" sizes=\"auto, (max-width: 567px) 100vw, 567px\" \/>\t\t<\/li>\n\t\t\t\t<li class=\"sow-slider-image\" style=\"visibility: hidden;\" >\n\t\t\t\t\t\t<img loading=\"lazy\" decoding=\"async\" width=\"567\" height=\"378\" src=\"\/wp-content\/uploads\/Kamer-Boskoop.jpg\" class=\"sow-slider-background-image\" alt=\"Huiskamer huisvesting Logejo Boskoop\" style=\"\" srcset=\"\/wp-content\/uploads\/Kamer-Boskoop.jpg 567w, \/wp-content\/uploads\/Kamer-Boskoop-300x200.jpg 300w, \/wp-content\/uploads\/Kamer-Boskoop-272x182.jpg 272w\" sizes=\"auto, (max-width: 567px) 100vw, 567px\" \/>\t\t<\/li>\n\t\t<\/ul>\t\t\t\t<ol class=\"sow-slider-pagination\">\n\t\t\t\t\t\t\t\t\t\t\t<li><a href=\"#\" data-goto=\"0\" aria-label=\"Display slide 1\"><\/a><\/li>\n\t\t\t\t\t\t\t\t\t\t\t<li><a href=\"#\" data-goto=\"1\" aria-label=\"Display slide 2\"><\/a><\/li>\n\t\t\t\t\t\t\t\t\t\t\t<li><a href=\"#\" data-goto=\"2\" aria-label=\"Display slide 3\"><\/a><\/li>\n\t\t\t\t\t\t\t\t\t\t\t<li><a href=\"#\" data-goto=\"3\" aria-label=\"Display slide 4\"><\/a><\/li>\n\t\t\t\t\t\t\t\t\t<\/ol>\n\n\t\t\t\t<div class=\"sow-slide-nav sow-slide-nav-next\">\n\t\t\t\t\t<a href=\"#\" data-goto=\"next\" aria-label=\"Next slide\" data-action=\"next\">\n\t\t\t\t\t\t<em class=\"sow-sld-icon-medium-right\"><\/em>\n\t\t\t\t\t<\/a>\n\t\t\t\t<\/div>\n\n\t\t\t\t<div class=\"sow-slide-nav sow-slide-nav-prev\">\n\t\t\t\t\t<a href=\"#\" data-goto=\"previous\" aria-label=\"Previous slide\" data-action=\"prev\">\n\t\t\t\t\t\t<em class=\"sow-sld-icon-medium-left\"><\/em>\n\t\t\t\t\t<\/a>\n\t\t\t\t<\/div>\n\t\t\t\t<\/div><\/div><\/div><div id=\"panel-1672-2-0-1\" class=\"so-panel widget widget_sow-editor panel-last-child\" data-index=\"3\" ><div\n\t\t\t\n\t\t\tclass=\"so-widget-sow-editor so-widget-sow-editor-base\"\n\t\t\t\n\t\t>\n<div class=\"siteorigin-widget-tinymce textwidget\">\n\t<h2 id=\"vervoerpools\">Transport<\/h2>\n<p>ForeignFlex dysponuje obszernym parkiem samochodowym. Dzi\u0119ki niemu jeste\u015bmy w stanie zagwarantowa\u0107 Ci transport do miejsca pracy: zawsze bezpiecznie i na czas. Park umo\u017cliwia nam bycie elastycznymi i szybkie w\u0142\u0105czanie do pracy innych os\u00f3b, dzi\u0119ki czemu zawsze mo\u017cesz zrezygnowa\u0107 z pracy przed zako\u0144czeniem umowy, je\u017celi zachodzi taka potrzeba.<\/p>\n<\/div>\n<\/div><\/div><\/div><\/div><div id=\"pg-1672-3\"  class=\"panel-grid panel-has-style\" ><div class=\"meerinformatie panel-row-style panel-row-style-for-1672-3\" ><div id=\"pgc-1672-3-0\"  class=\"panel-grid-cell\" ><div id=\"panel-1672-3-0-0\" class=\"so-panel widget widget_sow-editor panel-first-child panel-last-child\" data-index=\"4\" ><div class=\"panel-widget-style panel-widget-style-for-1672-3-0-0\" ><div\n\t\t\t\n\t\t\tclass=\"so-widget-sow-editor so-widget-sow-editor-base\"\n\t\t\t\n\t\t><h2 class=\"widget-title\">Chcesz wiedzie\u0107 wi\u0119cej?<\/h2>\n<div class=\"siteorigin-widget-tinymce textwidget\">\n\t<p><span style=\"color: #ffffff\">Je\u015bli masz jakiekolwiek pytania albo chcia\u0142by\u015b dowiedzie\u0107 si\u0119 o nas czego\u015b wi\u0119cej, zagl\u0105dnij do rubryki z<strong><a style=\"color: #ffffff\" href=\"https:\/\/foreignflex-fuarg0e7emase0bf.northeurope-01.azurewebsites.net\/pl\/najczesciej-zadawane-pytania\"> najcz\u0119\u015bciej zadawanymi pytaniami<\/a><\/strong>.<\/span><\/p>\n<p>\u00a0<\/p>\n<h2><span style=\"color: #ffffff\">Praca u nas?<\/span><\/h2>\n<p><span style=\"color: #ffffff\"><strong><a style=\"color: #ffffff\" href=\"https:\/\/foreignflex-fuarg0e7emase0bf.northeurope-01.azurewebsites.net\/pl\/zapisy\"> Zapisz<\/a> <\/strong>si\u0119 lub wy\u015blij zg\u0142oszenie reaguj\u0105c na jedn\u0105 z wystawionych przez nas<a style=\"color: #ffffff\" href=\"https:\/\/foreignflex-fuarg0e7emase0bf.northeurope-01.azurewebsites.net\/pl\/oferty-pracy\"><strong> ofert pracy<\/strong><\/a>, a my jak najszybciej si\u0119 z Tob\u0105 skontaktujemy. <\/span><\/p>\n<\/div>\n<\/div><\/div><\/div><\/div><\/div><\/div><\/div>","protected":false},"excerpt":{"rendered":"<p>Praca w Holandii Je\u017celi przyjecha\u0142e\u015b do Holandii w celach zarobkowych, oznacza to przede wszystkim, \u017ce podejmiesz prac\u0119 u zleceniodawcy. Tacy zleceniodawcy pracuj\u0105 w r\u00f3\u017cnorakich bran\u017cach. W zale\u017cno\u015bci od nabytych kwalifikacji i zebranego do\u015bwiadczenia, rozpoczniesz prac\u0119 w jednym z takich sektor\u00f3w. Mo\u017cesz podj\u0105\u0107 prac\u0119 na d\u0142u\u017cszy czas albo jedynie na kr\u00f3tki okres \u2013 zale\u017cy to w [&hellip;]<\/p>\n","protected":false},"author":1538,"featured_media":0,"parent":0,"menu_order":0,"comment_status":"closed","ping_status":"closed","template":"","meta":{"footnotes":""},"class_list":["post-1672","page","type-page","status-publish","hentry","post"],"yoast_head":"<!-- This site is optimized with the Yoast SEO plugin v27.4 - https:\/\/yoast.com\/product\/yoast-seo-wordpress\/ -->\n<title>Pracownicy | ForeignFlex<\/title>\n<meta name=\"description\" content=\"ForeignFlex dba nie tylko o to, aby\u015b znalaz\u0142 prac\u0119, kt\u00f3ra rzeczywi\u015bcie pasuje do Twojego profilu, lecz troszczy si\u0119 r\u00f3wnie\u017c o Tw\u00f3j komfort osobisty.\" \/>\n<meta name=\"robots\" content=\"index, follow, max-snippet:-1, max-image-preview:large, max-video-preview:-1\" \/>\n<link rel=\"canonical\" href=\"https:\/\/foreignflex-fuarg0e7emase0bf.northeurope-01.azurewebsites.net\/pl\/pracownicy\/\" \/>\n<meta name=\"twitter:label1\" content=\"Szacowany czas czytania\" \/>\n\t<meta name=\"twitter:data1\" content=\"3 minuty\" \/>\n<script type=\"application\/ld+json\" class=\"yoast-schema-graph\">{\"@context\":\"https:\\\/\\\/schema.org\",\"@graph\":[{\"@type\":\"WebPage\",\"@id\":\"https:\\\/\\\/foreignflex-fuarg0e7emase0bf.northeurope-01.azurewebsites.net\\\/pl\\\/pracownicy\\\/\",\"url\":\"https:\\\/\\\/foreignflex-fuarg0e7emase0bf.northeurope-01.azurewebsites.net\\\/pl\\\/pracownicy\\\/\",\"name\":\"Pracownicy | ForeignFlex\",\"isPartOf\":{\"@id\":\"https:\\\/\\\/foreignflex-fuarg0e7emase0bf.northeurope-01.azurewebsites.net\\\/pl\\\/#website\"},\"datePublished\":\"2017-04-06T11:02:48+00:00\",\"dateModified\":\"2018-04-20T13:22:46+00:00\",\"description\":\"ForeignFlex dba nie tylko o to, aby\u015b znalaz\u0142 prac\u0119, kt\u00f3ra rzeczywi\u015bcie pasuje do Twojego profilu, lecz troszczy si\u0119 r\u00f3wnie\u017c o Tw\u00f3j komfort osobisty.\",\"breadcrumb\":{\"@id\":\"https:\\\/\\\/foreignflex-fuarg0e7emase0bf.northeurope-01.azurewebsites.net\\\/pl\\\/pracownicy\\\/#breadcrumb\"},\"inLanguage\":\"pl-PL\",\"potentialAction\":[{\"@type\":\"ReadAction\",\"target\":[\"https:\\\/\\\/foreignflex-fuarg0e7emase0bf.northeurope-01.azurewebsites.net\\\/pl\\\/pracownicy\\\/\"]}]},{\"@type\":\"BreadcrumbList\",\"@id\":\"https:\\\/\\\/foreignflex-fuarg0e7emase0bf.northeurope-01.azurewebsites.net\\\/pl\\\/pracownicy\\\/#breadcrumb\",\"itemListElement\":[{\"@type\":\"ListItem\",\"position\":1,\"name\":\"Home\",\"item\":\"https:\\\/\\\/foreignflex-fuarg0e7emase0bf.northeurope-01.azurewebsites.net\\\/pl\\\/\"},{\"@type\":\"ListItem\",\"position\":2,\"name\":\"Pracownicy\"}]},{\"@type\":\"WebSite\",\"@id\":\"https:\\\/\\\/foreignflex-fuarg0e7emase0bf.northeurope-01.azurewebsites.net\\\/pl\\\/#website\",\"url\":\"https:\\\/\\\/foreignflex-fuarg0e7emase0bf.northeurope-01.azurewebsites.net\\\/pl\\\/\",\"name\":\"\",\"description\":\"\",\"potentialAction\":[{\"@type\":\"SearchAction\",\"target\":{\"@type\":\"EntryPoint\",\"urlTemplate\":\"https:\\\/\\\/foreignflex-fuarg0e7emase0bf.northeurope-01.azurewebsites.net\\\/pl\\\/?s={search_term_string}\"},\"query-input\":{\"@type\":\"PropertyValueSpecification\",\"valueRequired\":true,\"valueName\":\"search_term_string\"}}],\"inLanguage\":\"pl-PL\"}]}<\/script>\n<!-- \/ Yoast SEO plugin. -->","yoast_head_json":{"title":"Pracownicy | ForeignFlex","description":"ForeignFlex dba nie tylko o to, aby\u015b znalaz\u0142 prac\u0119, kt\u00f3ra rzeczywi\u015bcie pasuje do Twojego profilu, lecz troszczy si\u0119 r\u00f3wnie\u017c o Tw\u00f3j komfort osobisty.","robots":{"index":"index","follow":"follow","max-snippet":"max-snippet:-1","max-image-preview":"max-image-preview:large","max-video-preview":"max-video-preview:-1"},"canonical":"https:\/\/foreignflex-fuarg0e7emase0bf.northeurope-01.azurewebsites.net\/pl\/pracownicy\/","twitter_misc":{"Szacowany czas czytania":"3 minuty"},"schema":{"@context":"https:\/\/schema.org","@graph":[{"@type":"WebPage","@id":"https:\/\/foreignflex-fuarg0e7emase0bf.northeurope-01.azurewebsites.net\/pl\/pracownicy\/","url":"https:\/\/foreignflex-fuarg0e7emase0bf.northeurope-01.azurewebsites.net\/pl\/pracownicy\/","name":"Pracownicy | ForeignFlex","isPartOf":{"@id":"https:\/\/foreignflex-fuarg0e7emase0bf.northeurope-01.azurewebsites.net\/pl\/#website"},"datePublished":"2017-04-06T11:02:48+00:00","dateModified":"2018-04-20T13:22:46+00:00","description":"ForeignFlex dba nie tylko o to, aby\u015b znalaz\u0142 prac\u0119, kt\u00f3ra rzeczywi\u015bcie pasuje do Twojego profilu, lecz troszczy si\u0119 r\u00f3wnie\u017c o Tw\u00f3j komfort osobisty.","breadcrumb":{"@id":"https:\/\/foreignflex-fuarg0e7emase0bf.northeurope-01.azurewebsites.net\/pl\/pracownicy\/#breadcrumb"},"inLanguage":"pl-PL","potentialAction":[{"@type":"ReadAction","target":["https:\/\/foreignflex-fuarg0e7emase0bf.northeurope-01.azurewebsites.net\/pl\/pracownicy\/"]}]},{"@type":"BreadcrumbList","@id":"https:\/\/foreignflex-fuarg0e7emase0bf.northeurope-01.azurewebsites.net\/pl\/pracownicy\/#breadcrumb","itemListElement":[{"@type":"ListItem","position":1,"name":"Home","item":"https:\/\/foreignflex-fuarg0e7emase0bf.northeurope-01.azurewebsites.net\/pl\/"},{"@type":"ListItem","position":2,"name":"Pracownicy"}]},{"@type":"WebSite","@id":"https:\/\/foreignflex-fuarg0e7emase0bf.northeurope-01.azurewebsites.net\/pl\/#website","url":"https:\/\/foreignflex-fuarg0e7emase0bf.northeurope-01.azurewebsites.net\/pl\/","name":"","description":"","potentialAction":[{"@type":"SearchAction","target":{"@type":"EntryPoint","urlTemplate":"https:\/\/foreignflex-fuarg0e7emase0bf.northeurope-01.azurewebsites.net\/pl\/?s={search_term_string}"},"query-input":{"@type":"PropertyValueSpecification","valueRequired":true,"valueName":"search_term_string"}}],"inLanguage":"pl-PL"}]}},"_links":{"self":[{"href":"https:\/\/foreignflex-fuarg0e7emase0bf.northeurope-01.azurewebsites.net\/pl\/wp-json\/wp\/v2\/pages\/1672","targetHints":{"allow":["GET"]}}],"collection":[{"href":"https:\/\/foreignflex-fuarg0e7emase0bf.northeurope-01.azurewebsites.net\/pl\/wp-json\/wp\/v2\/pages"}],"about":[{"href":"https:\/\/foreignflex-fuarg0e7emase0bf.northeurope-01.azurewebsites.net\/pl\/wp-json\/wp\/v2\/types\/page"}],"author":[{"embeddable":true,"href":"https:\/\/foreignflex-fuarg0e7emase0bf.northeurope-01.azurewebsites.net\/pl\/wp-json\/wp\/v2\/users\/1538"}],"replies":[{"embeddable":true,"href":"https:\/\/foreignflex-fuarg0e7emase0bf.northeurope-01.azurewebsites.net\/pl\/wp-json\/wp\/v2\/comments?post=1672"}],"version-history":[{"count":0,"href":"https:\/\/foreignflex-fuarg0e7emase0bf.northeurope-01.azurewebsites.net\/pl\/wp-json\/wp\/v2\/pages\/1672\/revisions"}],"wp:attachment":[{"href":"https:\/\/foreignflex-fuarg0e7emase0bf.northeurope-01.azurewebsites.net\/pl\/wp-json\/wp\/v2\/media?parent=1672"}],"curies":[{"name":"wp","href":"https:\/\/api.w.org\/{rel}","templated":true}]}}