{"id":1695,"date":"2017-04-06T14:11:07","date_gmt":"2017-04-06T12:11:07","guid":{"rendered":"http:\/\/foreignmove.nl\/?page_id=1695"},"modified":"2017-04-11T11:34:59","modified_gmt":"2017-04-11T09:34:59","slug":"najczesciej-zadawane-pytania","status":"publish","type":"page","link":"https:\/\/foreignflex-fuarg0e7emase0bf.northeurope-01.azurewebsites.net\/pl\/najczesciej-zadawane-pytania\/","title":{"rendered":"Najcz\u0119\u015bciej zadawane pytania"},"content":{"rendered":"<div id=\"pl-1695\"  class=\"panel-layout\" ><div id=\"pg-1695-0\"  class=\"panel-grid panel-no-style\" ><div id=\"pgc-1695-0-0\"  class=\"panel-grid-cell\" ><div id=\"panel-1695-0-0-0\" class=\"so-panel widget widget_sow-editor panel-first-child panel-last-child\" data-index=\"0\" ><div\n\t\t\t\n\t\t\tclass=\"so-widget-sow-editor so-widget-sow-editor-base\"\n\t\t\t\n\t\t>\n<div class=\"siteorigin-widget-tinymce textwidget\">\n\t<p><strong>Jak mog\u0119 si\u0119 zapisa\u0107 do ForeignFlex?<br \/> <\/strong>W dni robocze podczas godzin urz\u0119dowania mo\u017cesz um\u00f3wi\u0107 si\u0119 z jednym z naszych pracownik\u00f3w. Zaplanuje on dla Ciebie wst\u0119pn\u0105 rozmow\u0119 w celach zapisu. Zapisa\u0107 si\u0119 mo\u017cna tak\u017ce przez internet: wystarczy wype\u0142ni\u0107 formularz zapisu znajduj\u0105cy si\u0119 na stronie, a my jak najszybciej nawi\u0105\u017cemy z Tob\u0105 kontakt.<\/p>\n<p><strong>Jak przebiega procedura po dokonanym zapisie?<br \/> <\/strong>Je\u015bli ju\u017c si\u0119 zapisa\u0142e\u015b, my zaczynamy szuka\u0107 oferty pracy pasuj\u0105cej do Twojego profilu. Bierzemy przy tym pod uwag\u0119 Twoj\u0105 przesz\u0142o\u015b\u0107 zawodow\u0105, nabyte do\u015bwiadczenie, wykszta\u0142cenie - je\u017celi takowe posiadasz \u2013 oraz Twoje \u017cyczenia. Je\u015bli nie znajdziemy w\u0142a\u015bciwej oferty, skontaktujemy si\u0119 z Tob\u0105, aby zaprosi\u0107 Ci\u0119 na rozmow\u0119 kwalifikacyjn\u0105, po kt\u00f3rej mo\u017ce nast\u0105pi\u0107 jeszcze rozmowa ze zleceniodawc\u0105. W przypadku zainteresowania pochodz\u0105cego z obu stron b\u0119d\u0105 mia\u0142y miejsce kolejne spotkania dotycz\u0105ce umowy o prac\u0119.<\/p>\n<p><strong>Gdzie b\u0119d\u0119 pracowa\u0107?<br \/> <\/strong>ForeignFlex wsp\u00f3\u0142pracuje z wieloma r\u00f3\u017cnymi zleceniodawcami. Szukamy w\u015br\u00f3d nich firmy, kt\u00f3rej profil pasowa\u0142by do Twojego do\u015bwiadczenia zawodowego, wykszta\u0142cenia, Twoich \u017cycze\u0144 i ambicji. W ten spos\u00f3b znajdziemy w ko\u0144cu przedsi\u0119biorstwo, kt\u00f3re najlepiej do Ciebie pasuje i kt\u00f3re pozwoli Ci si\u0119 w w pe\u0142ni uwidoczni\u0107.<\/p>\n<p>&lt;strongZ jakmi warunkami pracy powinienem si\u0119 liczy\u0107?<br \/> W ForeignFlex otrzymasz umow\u0119 o prac\u0119 tymczasow\u0105 zawieraj\u0105c\u0105 warunki pracy zgodne z zasadami rynku. Na wst\u0119pie ustala si\u0119 jaki rodzaj Uk\u0142adu zbiorowego pracy (nid. CAO) pasuje do Twojej sytuacji zawodowej, aby\u015b nast\u0119pnie otrzymywa\u0142 p\u0142ac\u0119 wed\u0142ug tego uk\u0142adu. Ponadto co tydzie\u0144 zwi\u0119kszaj\u0105 si\u0119 Twoje tzw. rezerwacje na dodatek wakacyjny i urlopowy.<\/p>\n<p><strong>Ile b\u0119d\u0119 zarabia\u0107?<\/strong><br \/> Wysoko\u015b\u0107 Twojej pensji zale\u017cy od wielu r\u00f3\u017cnych czynnik\u00f3w. Istotn\u0105 rol\u0119 odgrywaj\u0105 aspekty takie jak rodzaj pracy, kt\u00f3r\u0105 b\u0119dziesz wykonywa\u0107, Tw\u00f3j wiek oraz nabyte wcze\u015bniej do\u015bwiadczenie. Zanim podejmiesz prac\u0119, jasno ustalimy zasady obowi\u0105zuj\u0105ce wobec powy\u017cszego.<\/p>\n<p><strong>Kiedy otrzymam wyp\u0142at\u0119 wraz z tzw. odcinkiem wyp\u0142aty?<br \/> <\/strong>Wynagrodzenie b\u0119dzie wp\u0142acane na konto bankowe co tydzie\u0144 w pi\u0105tek. Cz\u0119sto wyp\u0142ata pojawia si\u0119 na Twoim koncie jeszcze tego samego dnia. Jednak w niekt\u00f3rych bankach pieni\u0105dze docieraj\u0105 na konto w poniedzia\u0142ek.<\/p>\n<p><strong>Jak wygl\u0105da sytuacja odno\u015bnie mojego ubezpieczenia zdrowotnego?<\/strong><br \/> ForeignFlex proponuje swoim pracownikom tymczasowym grupowe ubezpieczenie zdrowotne (nid. collectieve ziektekostenverzekering). Zawiera ono ca\u0142y podstawowy zakres us\u0142ug. Pracuj\u0105c dla ForeignFlex nie musisz obowi\u0105zkowo wykupowa\u0107 tego w\u0142a\u015bnie ubezpieczenia. Pami\u0119taj jednak, \u017ce w momencie podj\u0119cia pracy w ForeignFlex musisz by\u0107 ubezpieczony. Mo\u017cesz wtedy zawrze\u0107 wspomniane wy\u017cej grupowe ubezpieczenie zdrowotne albo przed\u0142o\u017cy\u0107 polis\u0119 z innej ubezpieczalni. Wa\u017cne jest, aby\u015b by\u0142 gdzie\u015b ubezpieczony.<\/p>\n<p><strong>Jakie mo\u017cliwo\u015bci szkolenia pracownika oferuje ForeignFlex?<\/strong><br \/> Wierzymy, \u017ce nasza si\u0142a tkwi w zadowolonym i wykwalifikowanym personelu. Dlatego te\u017c w razie potrzeby lub \u017cycze\u0144 pracownika oferujemy szkolenia i kursy maj\u0105ce na celu doskonalenie rozwoju zawodowego ka\u017cdego naszego pracownika.<\/p>\n<p><strong>Kiedy wyp\u0142acane s\u0105 zaleg\u0142e rezerwy po okresie zatrudnienia?<\/strong><br \/> Je\u017celi przez 6 tygodni pracownik nie mia\u0142 prawa do otrzymywania wyp\u0142aty (tzn. je\u015bli przez okres 6 tygodni nie by\u0142a mu wyp\u0142acana pensja), zaleg\u0142e rezerwy zostan\u0105 mu wyp\u0142acone automatycznie.<\/p>\n<\/div>\n<\/div><\/div><\/div><\/div><\/div>","protected":false},"excerpt":{"rendered":"<p>Jak mog\u0119 si\u0119 zapisa\u0107 do ForeignFlex? W dni robocze podczas godzin urz\u0119dowania mo\u017cesz um\u00f3wi\u0107 si\u0119 z jednym z naszych pracownik\u00f3w. Zaplanuje on dla Ciebie wst\u0119pn\u0105 rozmow\u0119 w celach zapisu. Zapisa\u0107 si\u0119 mo\u017cna tak\u017ce przez internet: wystarczy wype\u0142ni\u0107 formularz zapisu znajduj\u0105cy si\u0119 na stronie, a my jak najszybciej nawi\u0105\u017cemy z Tob\u0105 kontakt.Jak przebiega procedura po dokonanym [&hellip;]<\/p>\n","protected":false},"author":1538,"featured_media":0,"parent":0,"menu_order":0,"comment_status":"closed","ping_status":"closed","template":"","meta":{"footnotes":""},"class_list":["post-1695","page","type-page","status-publish","hentry","post"],"yoast_head":"<!-- This site is optimized with the Yoast SEO plugin v27.4 - https:\/\/yoast.com\/product\/yoast-seo-wordpress\/ -->\n<title>Najcz\u0119\u015bciej zadawane pytania | ForeignFlex<\/title>\n<meta name=\"description\" content=\"Odpowiedzi na najcz\u0119\u015bciej zadawane pytania dotycz\u0105ce pracy w ForeignFlex.\" \/>\n<meta name=\"robots\" content=\"index, follow, max-snippet:-1, max-image-preview:large, max-video-preview:-1\" \/>\n<link rel=\"canonical\" href=\"https:\/\/foreignflex-fuarg0e7emase0bf.northeurope-01.azurewebsites.net\/pl\/najczesciej-zadawane-pytania\/\" \/>\n<meta name=\"twitter:label1\" content=\"Szacowany czas czytania\" \/>\n\t<meta name=\"twitter:data1\" content=\"2 minuty\" \/>\n<script type=\"application\/ld+json\" class=\"yoast-schema-graph\">{\"@context\":\"https:\\\/\\\/schema.org\",\"@graph\":[{\"@type\":\"WebPage\",\"@id\":\"https:\\\/\\\/foreignflex-fuarg0e7emase0bf.northeurope-01.azurewebsites.net\\\/pl\\\/najczesciej-zadawane-pytania\\\/\",\"url\":\"https:\\\/\\\/foreignflex-fuarg0e7emase0bf.northeurope-01.azurewebsites.net\\\/pl\\\/najczesciej-zadawane-pytania\\\/\",\"name\":\"Najcz\u0119\u015bciej zadawane pytania | ForeignFlex\",\"isPartOf\":{\"@id\":\"https:\\\/\\\/foreignflex-fuarg0e7emase0bf.northeurope-01.azurewebsites.net\\\/pl\\\/#website\"},\"datePublished\":\"2017-04-06T12:11:07+00:00\",\"dateModified\":\"2017-04-11T09:34:59+00:00\",\"description\":\"Odpowiedzi na najcz\u0119\u015bciej zadawane pytania dotycz\u0105ce pracy w ForeignFlex.\",\"breadcrumb\":{\"@id\":\"https:\\\/\\\/foreignflex-fuarg0e7emase0bf.northeurope-01.azurewebsites.net\\\/pl\\\/najczesciej-zadawane-pytania\\\/#breadcrumb\"},\"inLanguage\":\"pl-PL\",\"potentialAction\":[{\"@type\":\"ReadAction\",\"target\":[\"https:\\\/\\\/foreignflex-fuarg0e7emase0bf.northeurope-01.azurewebsites.net\\\/pl\\\/najczesciej-zadawane-pytania\\\/\"]}]},{\"@type\":\"BreadcrumbList\",\"@id\":\"https:\\\/\\\/foreignflex-fuarg0e7emase0bf.northeurope-01.azurewebsites.net\\\/pl\\\/najczesciej-zadawane-pytania\\\/#breadcrumb\",\"itemListElement\":[{\"@type\":\"ListItem\",\"position\":1,\"name\":\"Home\",\"item\":\"https:\\\/\\\/foreignflex-fuarg0e7emase0bf.northeurope-01.azurewebsites.net\\\/pl\\\/\"},{\"@type\":\"ListItem\",\"position\":2,\"name\":\"Najcz\u0119\u015bciej zadawane pytania\"}]},{\"@type\":\"WebSite\",\"@id\":\"https:\\\/\\\/foreignflex-fuarg0e7emase0bf.northeurope-01.azurewebsites.net\\\/pl\\\/#website\",\"url\":\"https:\\\/\\\/foreignflex-fuarg0e7emase0bf.northeurope-01.azurewebsites.net\\\/pl\\\/\",\"name\":\"\",\"description\":\"\",\"potentialAction\":[{\"@type\":\"SearchAction\",\"target\":{\"@type\":\"EntryPoint\",\"urlTemplate\":\"https:\\\/\\\/foreignflex-fuarg0e7emase0bf.northeurope-01.azurewebsites.net\\\/pl\\\/?s={search_term_string}\"},\"query-input\":{\"@type\":\"PropertyValueSpecification\",\"valueRequired\":true,\"valueName\":\"search_term_string\"}}],\"inLanguage\":\"pl-PL\"}]}<\/script>\n<!-- \/ Yoast SEO plugin. -->","yoast_head_json":{"title":"Najcz\u0119\u015bciej zadawane pytania | ForeignFlex","description":"Odpowiedzi na najcz\u0119\u015bciej zadawane pytania dotycz\u0105ce pracy w ForeignFlex.","robots":{"index":"index","follow":"follow","max-snippet":"max-snippet:-1","max-image-preview":"max-image-preview:large","max-video-preview":"max-video-preview:-1"},"canonical":"https:\/\/foreignflex-fuarg0e7emase0bf.northeurope-01.azurewebsites.net\/pl\/najczesciej-zadawane-pytania\/","twitter_misc":{"Szacowany czas czytania":"2 minuty"},"schema":{"@context":"https:\/\/schema.org","@graph":[{"@type":"WebPage","@id":"https:\/\/foreignflex-fuarg0e7emase0bf.northeurope-01.azurewebsites.net\/pl\/najczesciej-zadawane-pytania\/","url":"https:\/\/foreignflex-fuarg0e7emase0bf.northeurope-01.azurewebsites.net\/pl\/najczesciej-zadawane-pytania\/","name":"Najcz\u0119\u015bciej zadawane pytania | ForeignFlex","isPartOf":{"@id":"https:\/\/foreignflex-fuarg0e7emase0bf.northeurope-01.azurewebsites.net\/pl\/#website"},"datePublished":"2017-04-06T12:11:07+00:00","dateModified":"2017-04-11T09:34:59+00:00","description":"Odpowiedzi na najcz\u0119\u015bciej zadawane pytania dotycz\u0105ce pracy w ForeignFlex.","breadcrumb":{"@id":"https:\/\/foreignflex-fuarg0e7emase0bf.northeurope-01.azurewebsites.net\/pl\/najczesciej-zadawane-pytania\/#breadcrumb"},"inLanguage":"pl-PL","potentialAction":[{"@type":"ReadAction","target":["https:\/\/foreignflex-fuarg0e7emase0bf.northeurope-01.azurewebsites.net\/pl\/najczesciej-zadawane-pytania\/"]}]},{"@type":"BreadcrumbList","@id":"https:\/\/foreignflex-fuarg0e7emase0bf.northeurope-01.azurewebsites.net\/pl\/najczesciej-zadawane-pytania\/#breadcrumb","itemListElement":[{"@type":"ListItem","position":1,"name":"Home","item":"https:\/\/foreignflex-fuarg0e7emase0bf.northeurope-01.azurewebsites.net\/pl\/"},{"@type":"ListItem","position":2,"name":"Najcz\u0119\u015bciej zadawane pytania"}]},{"@type":"WebSite","@id":"https:\/\/foreignflex-fuarg0e7emase0bf.northeurope-01.azurewebsites.net\/pl\/#website","url":"https:\/\/foreignflex-fuarg0e7emase0bf.northeurope-01.azurewebsites.net\/pl\/","name":"","description":"","potentialAction":[{"@type":"SearchAction","target":{"@type":"EntryPoint","urlTemplate":"https:\/\/foreignflex-fuarg0e7emase0bf.northeurope-01.azurewebsites.net\/pl\/?s={search_term_string}"},"query-input":{"@type":"PropertyValueSpecification","valueRequired":true,"valueName":"search_term_string"}}],"inLanguage":"pl-PL"}]}},"_links":{"self":[{"href":"https:\/\/foreignflex-fuarg0e7emase0bf.northeurope-01.azurewebsites.net\/pl\/wp-json\/wp\/v2\/pages\/1695","targetHints":{"allow":["GET"]}}],"collection":[{"href":"https:\/\/foreignflex-fuarg0e7emase0bf.northeurope-01.azurewebsites.net\/pl\/wp-json\/wp\/v2\/pages"}],"about":[{"href":"https:\/\/foreignflex-fuarg0e7emase0bf.northeurope-01.azurewebsites.net\/pl\/wp-json\/wp\/v2\/types\/page"}],"author":[{"embeddable":true,"href":"https:\/\/foreignflex-fuarg0e7emase0bf.northeurope-01.azurewebsites.net\/pl\/wp-json\/wp\/v2\/users\/1538"}],"replies":[{"embeddable":true,"href":"https:\/\/foreignflex-fuarg0e7emase0bf.northeurope-01.azurewebsites.net\/pl\/wp-json\/wp\/v2\/comments?post=1695"}],"version-history":[{"count":0,"href":"https:\/\/foreignflex-fuarg0e7emase0bf.northeurope-01.azurewebsites.net\/pl\/wp-json\/wp\/v2\/pages\/1695\/revisions"}],"wp:attachment":[{"href":"https:\/\/foreignflex-fuarg0e7emase0bf.northeurope-01.azurewebsites.net\/pl\/wp-json\/wp\/v2\/media?parent=1695"}],"curies":[{"name":"wp","href":"https:\/\/api.w.org\/{rel}","templated":true}]}}